{"id":12,"date":"2025-06-11T23:03:18","date_gmt":"2025-06-11T23:03:18","guid":{"rendered":"https:\/\/xn--parkanonrakennusshkoy-m2b03b.fi\/?page_id=12"},"modified":"2025-11-26T05:52:19","modified_gmt":"2025-11-26T05:52:19","slug":"yhteystiedot","status":"publish","type":"page","link":"https:\/\/xn--parkanonrakennusshkoy-m2b03b.fi\/index.php\/yhteystiedot\/","title":{"rendered":"Yhteystiedot"},"content":{"rendered":"\n<p>K\u00e4yntiosoite:<\/p>\n\n\n\n<p>Parkanon Rakennuss\u00e4hk\u00f6 Oy <br>(Y-tunnus 06005654)<\/p>\n\n\n\n<p>Parkanontie 84<br>39700 Parkano<\/p>\n\n\n\n<p>AUKIOLOAJAT:<\/p>\n\n\n\n<p>S\u00e4hk\u00f6tarvikkeiden myynti osoitteessa: Parkanontie 84, 39700 Parkano (ma-pe 7.00 &#8211; 16.00).<br>Palvelemme my\u00f6s tarvittaessa iltaisin ja viikonloppuisin. Puh. 040 540 8582<\/p>\n\n\n\n<p><\/p>\n\n\n\n<p><\/p>\n\n\n\n<p>Jari Pentti 050 592 7595<br>jari.pentti@ippnet.fi<\/p>\n\n\n\n<p>Jiri Pentti<\/p>\n\n\n\n<p>Ville Ojaniemi<\/p>\n\n\n\n<p>Jukka Pentti<\/p>\n\n\n\n<p><\/p>\n","protected":false},"excerpt":{"rendered":"<p>K\u00e4yntiosoite: Parkanon Rakennuss\u00e4hk\u00f6 Oy (Y-tunnus 06005654) Parkanontie 8439700 Parkano AUKIOLOAJAT: S\u00e4hk\u00f6tarvikkeiden myynti osoitteessa: Parkanontie 84, 39700 Parkano (ma-pe 7.00 &#8211; 16.00).Palvelemme my\u00f6s tarvittaessa iltaisin ja viikonloppuisin. Puh. 040 540 8582 Jari Pentti 050 592 7595jari.pentti@ippnet.fi Jiri Pentti Ville Ojaniemi Jukka Pentti<\/p>\n","protected":false},"author":1,"featured_media":0,"parent":0,"menu_order":0,"comment_status":"closed","ping_status":"closed","template":"","meta":{"footnotes":""},"class_list":["post-12","page","type-page","status-publish","hentry"],"_links":{"self":[{"href":"https:\/\/xn--parkanonrakennusshkoy-m2b03b.fi\/index.php\/wp-json\/wp\/v2\/pages\/12","targetHints":{"allow":["GET"]}}],"collection":[{"href":"https:\/\/xn--parkanonrakennusshkoy-m2b03b.fi\/index.php\/wp-json\/wp\/v2\/pages"}],"about":[{"href":"https:\/\/xn--parkanonrakennusshkoy-m2b03b.fi\/index.php\/wp-json\/wp\/v2\/types\/page"}],"author":[{"embeddable":true,"href":"https:\/\/xn--parkanonrakennusshkoy-m2b03b.fi\/index.php\/wp-json\/wp\/v2\/users\/1"}],"replies":[{"embeddable":true,"href":"https:\/\/xn--parkanonrakennusshkoy-m2b03b.fi\/index.php\/wp-json\/wp\/v2\/comments?post=12"}],"version-history":[{"count":5,"href":"https:\/\/xn--parkanonrakennusshkoy-m2b03b.fi\/index.php\/wp-json\/wp\/v2\/pages\/12\/revisions"}],"predecessor-version":[{"id":32,"href":"https:\/\/xn--parkanonrakennusshkoy-m2b03b.fi\/index.php\/wp-json\/wp\/v2\/pages\/12\/revisions\/32"}],"wp:attachment":[{"href":"https:\/\/xn--parkanonrakennusshkoy-m2b03b.fi\/index.php\/wp-json\/wp\/v2\/media?parent=12"}],"curies":[{"name":"wp","href":"https:\/\/api.w.org\/{rel}","templated":true}]}}