{"id":20,"date":"2025-06-11T23:19:45","date_gmt":"2025-06-11T23:19:45","guid":{"rendered":"https:\/\/xn--parkanonrakennusshkoy-m2b03b.fi\/?page_id=20"},"modified":"2025-06-11T23:19:45","modified_gmt":"2025-06-11T23:19:45","slug":"yritys","status":"publish","type":"page","link":"https:\/\/xn--parkanonrakennusshkoy-m2b03b.fi\/index.php\/yritys\/","title":{"rendered":"Yritys"},"content":{"rendered":"\n<p>Parkanon Rakennuss\u00e4hk\u00f6 Oy on perustettu vuonna 1985, ja olemme ylpeit\u00e4 voidessamme palvella asiakkaitamme Parkanossa ja sen ymp\u00e4rist\u00f6kunnissa jo yli 40-vuotta. Yritykseemme mahtuu paljon osaamista, niin vanhempaa viisautta ja kokemusta kuin nuoruuden innokkuutta ja energiaa jo kolmessa sukupolvessa.<br><\/p>\n\n\n\n<p>Toiminta-arvoihimme kuuluu:<br>Toteutamme asiakkaiden tarpeet korkealaatuisilla ja turvallisilla tuotteilla, laadukkaasti, l\u00e4pin\u00e4kyv\u00e4sti ja kustannustehokkaasti. Voit luottaa meihin!<\/p>\n","protected":false},"excerpt":{"rendered":"<p>Parkanon Rakennuss\u00e4hk\u00f6 Oy on perustettu vuonna 1985, ja olemme ylpeit\u00e4 voidessamme palvella asiakkaitamme Parkanossa ja sen ymp\u00e4rist\u00f6kunnissa jo yli 40-vuotta. Yritykseemme mahtuu paljon osaamista, niin vanhempaa viisautta ja kokemusta kuin nuoruuden innokkuutta ja energiaa jo kolmessa sukupolvessa. Toiminta-arvoihimme kuuluu:Toteutamme asiakkaiden tarpeet korkealaatuisilla ja turvallisilla tuotteilla, laadukkaasti, l\u00e4pin\u00e4kyv\u00e4sti ja kustannustehokkaasti. Voit luottaa meihin!<\/p>\n","protected":false},"author":1,"featured_media":0,"parent":0,"menu_order":0,"comment_status":"closed","ping_status":"closed","template":"","meta":{"footnotes":""},"class_list":["post-20","page","type-page","status-publish","hentry"],"_links":{"self":[{"href":"https:\/\/xn--parkanonrakennusshkoy-m2b03b.fi\/index.php\/wp-json\/wp\/v2\/pages\/20","targetHints":{"allow":["GET"]}}],"collection":[{"href":"https:\/\/xn--parkanonrakennusshkoy-m2b03b.fi\/index.php\/wp-json\/wp\/v2\/pages"}],"about":[{"href":"https:\/\/xn--parkanonrakennusshkoy-m2b03b.fi\/index.php\/wp-json\/wp\/v2\/types\/page"}],"author":[{"embeddable":true,"href":"https:\/\/xn--parkanonrakennusshkoy-m2b03b.fi\/index.php\/wp-json\/wp\/v2\/users\/1"}],"replies":[{"embeddable":true,"href":"https:\/\/xn--parkanonrakennusshkoy-m2b03b.fi\/index.php\/wp-json\/wp\/v2\/comments?post=20"}],"version-history":[{"count":1,"href":"https:\/\/xn--parkanonrakennusshkoy-m2b03b.fi\/index.php\/wp-json\/wp\/v2\/pages\/20\/revisions"}],"predecessor-version":[{"id":21,"href":"https:\/\/xn--parkanonrakennusshkoy-m2b03b.fi\/index.php\/wp-json\/wp\/v2\/pages\/20\/revisions\/21"}],"wp:attachment":[{"href":"https:\/\/xn--parkanonrakennusshkoy-m2b03b.fi\/index.php\/wp-json\/wp\/v2\/media?parent=20"}],"curies":[{"name":"wp","href":"https:\/\/api.w.org\/{rel}","templated":true}]}}