{"id":7,"date":"2025-06-05T10:23:13","date_gmt":"2025-06-05T10:23:13","guid":{"rendered":"https:\/\/xn--parkanonrakennusshkoy-m2b03b.fi\/?page_id=7"},"modified":"2025-11-26T06:00:15","modified_gmt":"2025-11-26T06:00:15","slug":"parkanon-rakennussahko","status":"publish","type":"page","link":"https:\/\/xn--parkanonrakennusshkoy-m2b03b.fi\/","title":{"rendered":"Parkanon Rakennuss\u00e4hk\u00f6"},"content":{"rendered":"\n<p>Parkanon Rakennuss\u00e4hk\u00f6 Oy on toiminut luotettavasti jo yli 40-vuotta kolmessa sukupolvessa tuottaen asiakkailleen monipuolisesti s\u00e4hk\u00f6suunnittelua, s\u00e4hk\u00f6asennuksia ja tarvikemyynti\u00e4.<br>Palvelemme kotitalouksia, kiinteist\u00f6- ja taloyhti\u00f6it\u00e4, yksityisasiakkaita, yrityksi\u00e4, kuntia, seurakuntia ja yhdistyksi\u00e4 Parkanon, Ikaalisten, H\u00e4meenkyr\u00f6n, Karvian, Kihni\u00f6n, Kankaanp\u00e4\u00e4n, Kauhajoen ja<br>Jalasj\u00e4rven alueella. Toteutamme kohteita my\u00f6s Tampereen alueella<br><\/p>\n\n\n\n<p>Kerrostalo,- rivitalo-, omakotitalo-, ja m\u00f6kkikohteiden uudisrakentaminen ja saneerausty\u00f6t ovat<br>meille tuttua ty\u00f6t\u00e4. Yritysasiakkaillemme suunnittelemme ja toteutamme s\u00e4hk\u00f6j\u00e4rjestelmi\u00e4 kaikenkokoisiin tarpeisiin ja<br>erilaisiin kohteisiin. Yksityisasiakkaille toteutamme kokonaisratkaisut omakotitalon s\u00e4hk\u00f6suunnittelusta kaikkiin<br>asennuksiin. <\/p>\n\n\n\n<p>Yrityksess\u00e4mme on my\u00f6s tarvikemyynti. Tilaustuotteet toimitamme my\u00f6s nopealla aikataululla tarpeen mukaan.<br><\/p>\n\n\n\n<p>Olipa tarpeesi pieni tai suuri, meilt\u00e4 onnistuu! Luotettavasti kilpailukykyiseen hintaan!<\/p>\n","protected":false},"excerpt":{"rendered":"<p>Parkanon Rakennuss\u00e4hk\u00f6 Oy on toiminut luotettavasti jo yli 40-vuotta kolmessa sukupolvessa tuottaen asiakkailleen monipuolisesti s\u00e4hk\u00f6suunnittelua, s\u00e4hk\u00f6asennuksia ja tarvikemyynti\u00e4.Palvelemme kotitalouksia, kiinteist\u00f6- ja taloyhti\u00f6it\u00e4, yksityisasiakkaita, yrityksi\u00e4, kuntia, seurakuntia ja yhdistyksi\u00e4 Parkanon, Ikaalisten, H\u00e4meenkyr\u00f6n, Karvian, Kihni\u00f6n, Kankaanp\u00e4\u00e4n, Kauhajoen jaJalasj\u00e4rven alueella. Toteutamme kohteita my\u00f6s Tampereen alueella Kerrostalo,- rivitalo-, omakotitalo-, ja m\u00f6kkikohteiden uudisrakentaminen ja saneerausty\u00f6t ovatmeille tuttua ty\u00f6t\u00e4. Yritysasiakkaillemme suunnittelemme [&hellip;]<\/p>\n","protected":false},"author":1,"featured_media":0,"parent":0,"menu_order":0,"comment_status":"closed","ping_status":"closed","template":"","meta":{"footnotes":""},"class_list":["post-7","page","type-page","status-publish","hentry"],"_links":{"self":[{"href":"https:\/\/xn--parkanonrakennusshkoy-m2b03b.fi\/index.php\/wp-json\/wp\/v2\/pages\/7","targetHints":{"allow":["GET"]}}],"collection":[{"href":"https:\/\/xn--parkanonrakennusshkoy-m2b03b.fi\/index.php\/wp-json\/wp\/v2\/pages"}],"about":[{"href":"https:\/\/xn--parkanonrakennusshkoy-m2b03b.fi\/index.php\/wp-json\/wp\/v2\/types\/page"}],"author":[{"embeddable":true,"href":"https:\/\/xn--parkanonrakennusshkoy-m2b03b.fi\/index.php\/wp-json\/wp\/v2\/users\/1"}],"replies":[{"embeddable":true,"href":"https:\/\/xn--parkanonrakennusshkoy-m2b03b.fi\/index.php\/wp-json\/wp\/v2\/comments?post=7"}],"version-history":[{"count":4,"href":"https:\/\/xn--parkanonrakennusshkoy-m2b03b.fi\/index.php\/wp-json\/wp\/v2\/pages\/7\/revisions"}],"predecessor-version":[{"id":36,"href":"https:\/\/xn--parkanonrakennusshkoy-m2b03b.fi\/index.php\/wp-json\/wp\/v2\/pages\/7\/revisions\/36"}],"wp:attachment":[{"href":"https:\/\/xn--parkanonrakennusshkoy-m2b03b.fi\/index.php\/wp-json\/wp\/v2\/media?parent=7"}],"curies":[{"name":"wp","href":"https:\/\/api.w.org\/{rel}","templated":true}]}}